{"id":1442,"date":"2023-05-11T16:20:42","date_gmt":"2023-05-11T16:20:42","guid":{"rendered":"https:\/\/www.proactivegroup.ca\/our-solutions\/value-add-service\/"},"modified":"2024-12-11T14:42:58","modified_gmt":"2024-12-11T14:42:58","slug":"value-add-service","status":"publish","type":"page","link":"https:\/\/www.proactivegroup.ca\/fr\/our-solutions\/value-add-service\/","title":{"rendered":"Service \u00e0 Valeur Ajout\u00e9e"},"content":{"rendered":"<h2 class=\"mb-4\"><strong>Service \u00e0 valeur ajout\u00e9e<\/strong><\/h2>\n<p>Le terme \u00ab\u00a0valeur ajout\u00e9e\u00a0\u00bb est assez clair\u00a0:\u00a0 il d\u00e9signe les services qui vont au-del\u00e0 de la logistique traditionnelle, en apportant une valeur additionnelle au service initial.<\/p>\n<p>Parmi les services \u00e0 valeur ajout\u00e9e propos\u00e9s par Proactive\u00a0:<\/p>\n<ul>\n<li>Pr\u00e9paration et emballage des commandes<\/li>\n<li>Emballage\/R\u00e9-emballage<\/li>\n<li>Enveloppement r\u00e9tractable<\/li>\n<li>Cerclage de palettes<\/li>\n<li>D\u00e9chargement de conteneurs<\/li>\n<li>Regroupement<\/li>\n<li>\u00c9tiquetage et pose de tickets<\/li>\n<li>Personnalisation des solutions<\/li>\n<\/ul>\n<p>Nous poss\u00e9dons une vaste exp\u00e9rience dans l\u2019accompagnement des clients souhaitant s\u2019\u00e9loigner du commerce de d\u00e9tail traditionnel. Nous permettons aux d\u00e9taillants de proposer \u00e0 leur client\u00e8le une exp\u00e9rience fluide et harmonieuse.<\/p>\n","protected":false},"excerpt":{"rendered":"<p>Service \u00e0 valeur ajout\u00e9e Le terme \u00ab\u00a0valeur ajout\u00e9e\u00a0\u00bb est assez clair\u00a0:\u00a0 il d\u00e9signe les services qui vont au-del\u00e0 de la logistique traditionnelle, en apportant une valeur additionnelle au service initial. Parmi les services \u00e0 valeur ajout\u00e9e propos\u00e9s par Proactive\u00a0: Pr\u00e9paration et emballage des commandes Emballage\/R\u00e9-emballage Enveloppement r\u00e9tractable Cerclage de palettes D\u00e9chargement de conteneurs Regroupement \u00c9tiquetage [&hellip;]<\/p>\n","protected":false},"author":1,"featured_media":0,"parent":1425,"menu_order":7,"comment_status":"closed","ping_status":"closed","template":"template-solution-subpage.php","meta":{"_acf_changed":false,"footnotes":""},"class_list":["post-1442","page","type-page","status-publish","hentry"],"acf":[],"_links":{"self":[{"href":"https:\/\/www.proactivegroup.ca\/fr\/wp-json\/wp\/v2\/pages\/1442","targetHints":{"allow":["GET"]}}],"collection":[{"href":"https:\/\/www.proactivegroup.ca\/fr\/wp-json\/wp\/v2\/pages"}],"about":[{"href":"https:\/\/www.proactivegroup.ca\/fr\/wp-json\/wp\/v2\/types\/page"}],"author":[{"embeddable":true,"href":"https:\/\/www.proactivegroup.ca\/fr\/wp-json\/wp\/v2\/users\/1"}],"replies":[{"embeddable":true,"href":"https:\/\/www.proactivegroup.ca\/fr\/wp-json\/wp\/v2\/comments?post=1442"}],"version-history":[{"count":0,"href":"https:\/\/www.proactivegroup.ca\/fr\/wp-json\/wp\/v2\/pages\/1442\/revisions"}],"up":[{"embeddable":true,"href":"https:\/\/www.proactivegroup.ca\/fr\/wp-json\/wp\/v2\/pages\/1425"}],"wp:attachment":[{"href":"https:\/\/www.proactivegroup.ca\/fr\/wp-json\/wp\/v2\/media?parent=1442"}],"curies":[{"name":"wp","href":"https:\/\/api.w.org\/{rel}","templated":true}]}}