{"id":1439,"date":"2023-03-07T20:53:49","date_gmt":"2023-03-07T20:53:49","guid":{"rendered":"https:\/\/www.proactivegroup.ca\/our-solutions\/short-term-storage\/"},"modified":"2024-12-10T21:18:36","modified_gmt":"2024-12-10T21:18:36","slug":"short-term-storage","status":"publish","type":"page","link":"https:\/\/www.proactivegroup.ca\/fr\/our-solutions\/short-term-storage\/","title":{"rendered":"Stockage Temporaire"},"content":{"rendered":"<h2><strong>Notre entreposage \u00e0 court terme<\/strong><\/h2>\n<p>Le stockage temporaire, qui ne doit pas \u00eatre confondu avec le stockage libre-service \u00e0 court terme, est un service offert par les soci\u00e9t\u00e9s sp\u00e9cialis\u00e9es dans le stockage et la logistique. Il s\u2019agit de solutions de stockage temporaires adapt\u00e9es aux besoins ponctuels des clients.<\/p>\n<p>Proactive Supply Chain Group offre ce service sur mesure afin d\u2019aider les clients \u00e0 faire face aux pics de congestion saisonni\u00e8re.<\/p>\n<p>\nCe service est principalement destin\u00e9 aux entreprises, et plus particuli\u00e8rement \u00e0 celles du commerce \u00e9lectronique, pendant la p\u00e9riode des F\u00eates, o\u00f9 elles font face \u00e0 un afflux de commandes d\u00e9passant leur capacit\u00e9 habituelle, n\u00e9cessitant une augmentation de leurs stocks.<\/p>\n<p>&nbsp;<\/p>\n<p>Il s\u2019agit d\u2019une solution personnalis\u00e9e, adapt\u00e9e aux exigences saisonni\u00e8res ou aux besoins \u00e0 court terme!<\/p>\n","protected":false},"excerpt":{"rendered":"<p>Notre entreposage \u00e0 court terme Le stockage temporaire, qui ne doit pas \u00eatre confondu avec le stockage libre-service \u00e0 court terme, est un service offert par les soci\u00e9t\u00e9s sp\u00e9cialis\u00e9es dans le stockage et la logistique. Il s\u2019agit de solutions de stockage temporaires adapt\u00e9es aux besoins ponctuels des clients. Proactive Supply Chain Group offre ce service [&hellip;]<\/p>\n","protected":false},"author":1,"featured_media":0,"parent":1425,"menu_order":6,"comment_status":"closed","ping_status":"closed","template":"template-solution-subpage.php","meta":{"_acf_changed":false,"footnotes":""},"class_list":["post-1439","page","type-page","status-publish","hentry"],"acf":[],"_links":{"self":[{"href":"https:\/\/www.proactivegroup.ca\/fr\/wp-json\/wp\/v2\/pages\/1439","targetHints":{"allow":["GET"]}}],"collection":[{"href":"https:\/\/www.proactivegroup.ca\/fr\/wp-json\/wp\/v2\/pages"}],"about":[{"href":"https:\/\/www.proactivegroup.ca\/fr\/wp-json\/wp\/v2\/types\/page"}],"author":[{"embeddable":true,"href":"https:\/\/www.proactivegroup.ca\/fr\/wp-json\/wp\/v2\/users\/1"}],"replies":[{"embeddable":true,"href":"https:\/\/www.proactivegroup.ca\/fr\/wp-json\/wp\/v2\/comments?post=1439"}],"version-history":[{"count":0,"href":"https:\/\/www.proactivegroup.ca\/fr\/wp-json\/wp\/v2\/pages\/1439\/revisions"}],"up":[{"embeddable":true,"href":"https:\/\/www.proactivegroup.ca\/fr\/wp-json\/wp\/v2\/pages\/1425"}],"wp:attachment":[{"href":"https:\/\/www.proactivegroup.ca\/fr\/wp-json\/wp\/v2\/media?parent=1439"}],"curies":[{"name":"wp","href":"https:\/\/api.w.org\/{rel}","templated":true}]}}