{"id":1435,"date":"2023-05-11T16:33:56","date_gmt":"2023-05-11T16:33:56","guid":{"rendered":"https:\/\/www.proactivegroup.ca\/our-solutions\/renewables-logistics\/"},"modified":"2024-12-11T14:55:29","modified_gmt":"2024-12-11T14:55:29","slug":"renewables-logistics","status":"publish","type":"page","link":"https:\/\/www.proactivegroup.ca\/fr\/our-solutions\/renewables-logistics\/","title":{"rendered":"Logistique des \u00e9nergies renouvelables"},"content":{"rendered":"<h2><strong>\u00c9nergies Renouvelables : Solaire, \u00c9olien et Hydrog\u00e8ne<\/strong><\/h2>\n<p>Depuis plus de dix ans, Proactive soutient activement l\u2019industrie des \u00e9nergies renouvelables. Elle se positionne comme un leader en logistique pour le solaire, l\u2019\u00e9olien et l\u2019hydrog\u00e8ne. Les \u00e9quipes QA-QC et HSE assurent la s\u00e9curit\u00e9 et la durabilit\u00e9 \u00e0 chaque \u00e9tape. Elles minimisent les risques, anticipent les d\u00e9fis et proposent des solutions \u00e9conomiques pour le transport et le stockage.<\/p>\n<p>Nos PFLO (op\u00e9rateurs de terrain Proactive) interviennent en renfort de vos \u00e9quipes, pr\u00eats \u00e0 \u00eatre d\u00e9ploy\u00e9s \u00e0 tout moment sur le terrain. Une fois sur place, les PFLOs effectuent une inspection des marchandises pour d\u00e9tecter d\u2019\u00e9ventuels dommages, assurent la planification et la coordination logistique sur site, et fournissent des mises \u00e0 jour en temps r\u00e9el ainsi que des visuels du projet. Qu\u2019il s\u2019agisse de concevoir des espaces de stockage s\u00e9curis\u00e9s pour des parcs solaires ou d\u2019\u00e9laborer des solutions de transport et de manipulation s\u00fbres pour des \u00e9oliennes, notre \u00e9quipe conjugue expertise, savoir-faire et exp\u00e9rience pour garantir une ex\u00e9cution irr\u00e9prochable de vos projets d\u2019\u00e9nergies renouvelables.<\/p>\n<p>Les atouts de l\u2019\u00e9quipe Proactive Renewables<\/p>\n<ul>\n<li>Plus de 10\u00a0ans d\u2019exp\u00e9rience reconnue dans la gestion de projets solaires, \u00e9oliens et hydrog\u00e8nes.<\/li>\n<li>Leader du march\u00e9 dans l\u2019entreposage temporaire, en int\u00e9rieur comme en ext\u00e9rieur.<\/li>\n<li>1,5\u00a0million de pieds carr\u00e9s d\u2019entrep\u00f4ts d\u00e9di\u00e9s au solaire, y compris des zones sous douane et des zones franches (FTZ) \u00e0 travers l\u2019Am\u00e9rique du Nord.<\/li>\n<li>Une expertise pointue dans le stockage d\u2019\u00e9nergie, notamment pour les batteries au lithium, avec des installations \u00e0 temp\u00e9rature contr\u00f4l\u00e9e.<\/li>\n<li>Certification compl\u00e8te en transport de mati\u00e8res dangereuses (Hazmat).<\/li>\n<li>Solutions de transport multimodal bas\u00e9es sur des actifs, avec des flottes d\u00e9di\u00e9es pour assurer des niveaux de service \u00e9lev\u00e9s et respecter les d\u00e9lais de livraison\u00a0: Drayage, remorques ferm\u00e9es, plateformes, remorques Conestoga et \u00e9quipements sp\u00e9cialis\u00e9s.<\/li>\n<li>Solutions de transport int\u00e9rieur \u00e0 grande \u00e9chelle pour garantir des capacit\u00e9s suffisantes et des tarifs comp\u00e9titifs.<\/li>\n<li>\u00c9quipements de levage lourd et gestion sp\u00e9cialis\u00e9e dans tous nos entrep\u00f4ts et sites de stockage.<\/li>\n<li>Entrep\u00f4ts id\u00e9alement situ\u00e9s \u00e0 proximit\u00e9 des principaux sites de d\u00e9veloppement solaire aux \u00c9tats-Unis et au Canada.<\/li>\n<li>Solutions int\u00e9gr\u00e9es de transbordement de conteneurs et de livraison \u00ab\u00a0porte-\u00e0-porte\u00a0\u00bb.<\/li>\n<li>Services de pr\u00e9paration de commandes et de gestion des stocks avec un syst\u00e8me de gestion d\u2019entrep\u00f4t (WMS) infonuagique.<\/li>\n<\/ul>\n<p>Choisissez Proactive pour votre prochain projet et d\u00e9couvrez une approche novatrice et efficiente!<\/p>\n<h3>Proactive Renewables Logistics Locations<\/h3>\n<div class=\"row\">\n<div class=\"col-12 col-md-3\">\n<div class=\"card card-location no-bg\">\n<div class=\"card-body\">\n<h4 class=\"mb-3\"><strong><span style=\"color: #ff0000;\">Kingman, Arizona<\/span><\/strong><\/h4>\n<address>4200 N Industrial BLVD<br \/>\nKingman, AZ<br \/>\n86401, \u00c9tats-Unis<\/address>\n<address><strong style=\"color: #808080;\"><a style=\"color: #808080;\" href=\"https:\/\/maps.app.goo.gl\/hz6XRLffFG5iHcB9A\">Voir sur la carte<\/a><\/strong><\/address>\n<\/div>\n<\/div>\n<\/div>\n<div class=\"col-12 col-md-3\">\n<div class=\"card card-location no-bg\">\n<div class=\"card-body\">\n<h4 class=\"mb-3\"><span style=\"color: #ff0000;\"><strong>Salt Lake City, Utah<\/strong><br \/>\n<\/span><\/h4>\n<address>1503 West Utah Ave,<br \/>\nTooele, Utah<br \/>\n84074, \u00c9tats-Unis<\/address>\n<address><a href=\"https:\/\/maps.app.goo.gl\/AZWsTdTdsabrSQyr6\"><strong><span style=\"color: #808080;\">Voir sur la carte<\/span><\/strong><\/a><\/address>\n<address>\u00a0<\/address>\n<\/div>\n<\/div>\n<\/div>\n<div class=\"col-12 col-md-3\">\n<div class=\"card card-location no-bg\">\n<div class=\"card-body\">\n<h4 class=\"mb-3\"><strong><span style=\"color: #ff0000;\">Seabrook, Texas<\/span><\/strong><\/h4>\n<address>5803 Old Highway 146<br \/>\nSeabrook, Texas<br \/>\n77586, \u00c9tats-Unis<\/address>\n<address><a href=\"https:\/\/maps.app.goo.gl\/Z21yUgHTR2GGAaNJ9\"><strong><span style=\"color: #808080;\">Voir sur la carte<\/span><\/strong><\/a><\/address>\n<\/div>\n<\/div>\n<\/div>\n<div class=\"col-12 col-md-3\">\n<div class=\"card card-location no-bg\">\n<div class=\"card-body\">\n<h4 class=\"mb-3\"><strong><span style=\"color: #ff0000;\">Long Beach, CA<\/span><\/strong><\/h4>\n<address>1431 West Via Plata<br \/>\nLong Beach, CA<br \/>\n90810, \u00c9tats-Unis<\/address>\n<address><a href=\"https:\/\/maps.app.goo.gl\/i8N57a8cXVYk5HqHA\"><strong><span style=\"color: #808080;\">Voir sur la carte<\/span><\/strong><\/a><\/address>\n<\/div>\n<\/div>\n<\/div>\n<\/div>\n","protected":false},"excerpt":{"rendered":"<p>\u00c9nergies Renouvelables : Solaire, \u00c9olien et Hydrog\u00e8ne Depuis plus de dix ans, Proactive soutient activement l\u2019industrie des \u00e9nergies renouvelables. Elle se positionne comme un leader en logistique pour le solaire, l\u2019\u00e9olien et l\u2019hydrog\u00e8ne. Les \u00e9quipes QA-QC et HSE assurent la s\u00e9curit\u00e9 et la durabilit\u00e9 \u00e0 chaque \u00e9tape. Elles minimisent les risques, anticipent les d\u00e9fis et [&hellip;]<\/p>\n","protected":false},"author":1,"featured_media":0,"parent":1425,"menu_order":16,"comment_status":"closed","ping_status":"closed","template":"template-solution-subpage.php","meta":{"_acf_changed":false,"footnotes":""},"class_list":["post-1435","page","type-page","status-publish","hentry"],"acf":[],"_links":{"self":[{"href":"https:\/\/www.proactivegroup.ca\/fr\/wp-json\/wp\/v2\/pages\/1435","targetHints":{"allow":["GET"]}}],"collection":[{"href":"https:\/\/www.proactivegroup.ca\/fr\/wp-json\/wp\/v2\/pages"}],"about":[{"href":"https:\/\/www.proactivegroup.ca\/fr\/wp-json\/wp\/v2\/types\/page"}],"author":[{"embeddable":true,"href":"https:\/\/www.proactivegroup.ca\/fr\/wp-json\/wp\/v2\/users\/1"}],"replies":[{"embeddable":true,"href":"https:\/\/www.proactivegroup.ca\/fr\/wp-json\/wp\/v2\/comments?post=1435"}],"version-history":[{"count":0,"href":"https:\/\/www.proactivegroup.ca\/fr\/wp-json\/wp\/v2\/pages\/1435\/revisions"}],"up":[{"embeddable":true,"href":"https:\/\/www.proactivegroup.ca\/fr\/wp-json\/wp\/v2\/pages\/1425"}],"wp:attachment":[{"href":"https:\/\/www.proactivegroup.ca\/fr\/wp-json\/wp\/v2\/media?parent=1435"}],"curies":[{"name":"wp","href":"https:\/\/api.w.org\/{rel}","templated":true}]}}