{"id":1434,"date":"2023-03-07T20:57:11","date_gmt":"2023-03-07T20:57:11","guid":{"rendered":"https:\/\/www.proactivegroup.ca\/industries-we-serve\/renewable-energy-wind-solar-hydro\/"},"modified":"2024-12-11T17:20:31","modified_gmt":"2024-12-11T17:20:31","slug":"renewable-energy-wind-solar-hydro","status":"publish","type":"page","link":"https:\/\/www.proactivegroup.ca\/fr\/industries-we-serve\/renewable-energy-wind-solar-hydro\/","title":{"rendered":"\u00c9nergies Renouvelables (\u00c9olien, Solaire, Hydro\u00e9lectricit\u00e9)"},"content":{"rendered":"<p>Avec plus de 1,5\u00a0million de pieds carr\u00e9s d\u00e9di\u00e9s \u00e0 l\u2019entreposage solaire et plus de 10\u00a0ans de succ\u00e8s av\u00e9r\u00e9s dans la r\u00e9alisation de projets solaires, \u00e9oliens et \u00e0 hydrog\u00e8ne, Proactive Renewables Logistics respecte les directives de s\u00e9curit\u00e9 les plus rigoureuses. Nous abordons chaque projet avec le plus grand soin, en totale conformit\u00e9 avec toutes les lois applicables.<\/p>\n<p>Points forts de notre division logistique d\u00e9di\u00e9e aux \u00e9nergies renouvelables\u00a0:<\/p>\n<ul>\n<li>Entrep\u00f4ts solaires sp\u00e9cialis\u00e9s<\/li>\n<li>Emplacements strat\u00e9giques aux \u00c9tats-Unis et au Canada<\/li>\n<li>Enti\u00e8rement certifi\u00e9s pour les mati\u00e8res dangereuses (Hazmat)<\/li>\n<li>Installations s\u00e9curis\u00e9es, climatis\u00e9es et \u00e9quip\u00e9es de syst\u00e8mes de suppression des incendies<\/li>\n<li>Suivi des stocks 24\u00a0h\/24, bas\u00e9 sur le cloud avec un syst\u00e8me WMS avanc\u00e9<\/li>\n<li>Solutions de transport cl\u00e9 en main, incluant le transbordement de conteneurs et le transport port \u00e0 porte<\/li>\n<li>Solutions multimodales bas\u00e9es sur les actifs<\/li>\n<\/ul>\n<p>Flotte d\u00e9di\u00e9e \u00e0 l\u2019\u00e9nergie \u00e9olienne et solaire, incluant des remorques Conestoga, des semi-remorques \u00e0 plateau et des \u00e9quipements sp\u00e9cialis\u00e9s<\/p>\n","protected":false},"excerpt":{"rendered":"<p>Avec plus de 1,5\u00a0million de pieds carr\u00e9s d\u00e9di\u00e9s \u00e0 l\u2019entreposage solaire et plus de 10\u00a0ans de succ\u00e8s av\u00e9r\u00e9s dans la r\u00e9alisation de projets solaires, \u00e9oliens et \u00e0 hydrog\u00e8ne, Proactive Renewables Logistics respecte les directives de s\u00e9curit\u00e9 les plus rigoureuses. Nous abordons chaque projet avec le plus grand soin, en totale conformit\u00e9 avec toutes les lois [&hellip;]<\/p>\n","protected":false},"author":1,"featured_media":0,"parent":1418,"menu_order":10,"comment_status":"closed","ping_status":"closed","template":"template-industry-subpage.php","meta":{"_acf_changed":false,"footnotes":""},"class_list":["post-1434","page","type-page","status-publish","hentry"],"acf":[],"_links":{"self":[{"href":"https:\/\/www.proactivegroup.ca\/fr\/wp-json\/wp\/v2\/pages\/1434","targetHints":{"allow":["GET"]}}],"collection":[{"href":"https:\/\/www.proactivegroup.ca\/fr\/wp-json\/wp\/v2\/pages"}],"about":[{"href":"https:\/\/www.proactivegroup.ca\/fr\/wp-json\/wp\/v2\/types\/page"}],"author":[{"embeddable":true,"href":"https:\/\/www.proactivegroup.ca\/fr\/wp-json\/wp\/v2\/users\/1"}],"replies":[{"embeddable":true,"href":"https:\/\/www.proactivegroup.ca\/fr\/wp-json\/wp\/v2\/comments?post=1434"}],"version-history":[{"count":0,"href":"https:\/\/www.proactivegroup.ca\/fr\/wp-json\/wp\/v2\/pages\/1434\/revisions"}],"up":[{"embeddable":true,"href":"https:\/\/www.proactivegroup.ca\/fr\/wp-json\/wp\/v2\/pages\/1418"}],"wp:attachment":[{"href":"https:\/\/www.proactivegroup.ca\/fr\/wp-json\/wp\/v2\/media?parent=1434"}],"curies":[{"name":"wp","href":"https:\/\/api.w.org\/{rel}","templated":true}]}}