{"id":1426,"date":"2023-03-06T22:06:45","date_gmt":"2023-03-06T22:06:45","guid":{"rendered":"https:\/\/www.proactivegroup.ca\/our-solutions\/overview\/"},"modified":"2024-12-18T18:17:17","modified_gmt":"2024-12-18T18:17:17","slug":"overview","status":"publish","type":"page","link":"https:\/\/www.proactivegroup.ca\/fr\/our-solutions\/overview\/","title":{"rendered":"Aper\u00e7u de nos solutions"},"content":{"rendered":"<h2 class=\"mb-3\"><strong>Nous accompagnons les entreprises vers un avenir logistique optimis\u00e9<\/strong><\/h2>\n<p>Nos solutions pour la cha\u00eene d\u2019approvisionnement sont soigneusement con\u00e7ues pour r\u00e9pondre aux besoins sp\u00e9cifiques de nos clients. Elles leur permettent de surmonter leurs d\u00e9fis et de r\u00e9aliser leur plein potentiel en mati\u00e8re de logistique. Qu\u2019il s\u2019agisse d\u2019entreposage, de transport, de logistique invers\u00e9e, de transport sp\u00e9cialis\u00e9 et de charges lourdes, les solutions offertes par Proactive Supply Chain Group visent un seul objectif\u00a0: optimiser l\u2019efficacit\u00e9 de la cha\u00eene d\u2019approvisionnement, tout en ma\u00eetrisant les co\u00fbts.<\/p>\n<p><a href=\"https:\/\/www.proactivegroup.ca\/fr\/get-a-quote\/\">Contactez-nous d\u00e8s maintenant pour une solution sur mesure.<\/a><\/p>\n<p>&nbsp;<\/p>\n","protected":false},"excerpt":{"rendered":"<p>Nous accompagnons les entreprises vers un avenir logistique optimis\u00e9 Nos solutions pour la cha\u00eene d\u2019approvisionnement sont soigneusement con\u00e7ues pour r\u00e9pondre aux besoins sp\u00e9cifiques de nos clients. Elles leur permettent de surmonter leurs d\u00e9fis et de r\u00e9aliser leur plein potentiel en mati\u00e8re de logistique. Qu\u2019il s\u2019agisse d\u2019entreposage, de transport, de logistique invers\u00e9e, de transport sp\u00e9cialis\u00e9 et [&hellip;]<\/p>\n","protected":false},"author":1,"featured_media":0,"parent":1425,"menu_order":0,"comment_status":"closed","ping_status":"closed","template":"template-solution-landing-page.php","meta":{"_acf_changed":false,"footnotes":""},"class_list":["post-1426","page","type-page","status-publish","hentry"],"acf":[],"_links":{"self":[{"href":"https:\/\/www.proactivegroup.ca\/fr\/wp-json\/wp\/v2\/pages\/1426","targetHints":{"allow":["GET"]}}],"collection":[{"href":"https:\/\/www.proactivegroup.ca\/fr\/wp-json\/wp\/v2\/pages"}],"about":[{"href":"https:\/\/www.proactivegroup.ca\/fr\/wp-json\/wp\/v2\/types\/page"}],"author":[{"embeddable":true,"href":"https:\/\/www.proactivegroup.ca\/fr\/wp-json\/wp\/v2\/users\/1"}],"replies":[{"embeddable":true,"href":"https:\/\/www.proactivegroup.ca\/fr\/wp-json\/wp\/v2\/comments?post=1426"}],"version-history":[{"count":0,"href":"https:\/\/www.proactivegroup.ca\/fr\/wp-json\/wp\/v2\/pages\/1426\/revisions"}],"up":[{"embeddable":true,"href":"https:\/\/www.proactivegroup.ca\/fr\/wp-json\/wp\/v2\/pages\/1425"}],"wp:attachment":[{"href":"https:\/\/www.proactivegroup.ca\/fr\/wp-json\/wp\/v2\/media?parent=1426"}],"curies":[{"name":"wp","href":"https:\/\/api.w.org\/{rel}","templated":true}]}}