{"id":1414,"date":"2023-03-07T18:18:34","date_gmt":"2023-03-07T18:18:34","guid":{"rendered":"https:\/\/www.proactivegroup.ca\/get-a-quote\/"},"modified":"2026-04-21T12:27:31","modified_gmt":"2026-04-21T12:27:31","slug":"get-a-quote","status":"publish","type":"page","link":"https:\/\/www.proactivegroup.ca\/fr\/get-a-quote\/","title":{"rendered":"OBTENIR UNE SOUMISSION"},"content":{"rendered":"<h2>Comment pouvons-nous vous aider?<\/h2>\n<p class=\"big\">Besoin d\u2019une solution personnalis\u00e9e? Vous ne savez pas comment nous pouvons r\u00e9pondre \u00e0 vos besoins ? N\u2019h\u00e9sitez pas \u00e0 nous contacter. Veuillez remplir notre formulaire ci-dessous, et l\u2019un de nos repr\u00e9sentants d\u00e9di\u00e9s vous contactera.<\/p>\n","protected":false},"excerpt":{"rendered":"<p>Comment pouvons-nous vous aider? Besoin d\u2019une solution personnalis\u00e9e? Vous ne savez pas comment nous pouvons r\u00e9pondre \u00e0 vos besoins ? N\u2019h\u00e9sitez pas \u00e0 nous contacter. Veuillez remplir notre formulaire ci-dessous, et l\u2019un de nos repr\u00e9sentants d\u00e9di\u00e9s vous contactera.<\/p>\n","protected":false},"author":1,"featured_media":0,"parent":0,"menu_order":7,"comment_status":"closed","ping_status":"closed","template":"template-quote.php","meta":{"_acf_changed":false,"footnotes":""},"class_list":["post-1414","page","type-page","status-publish","hentry"],"acf":[],"_links":{"self":[{"href":"https:\/\/www.proactivegroup.ca\/fr\/wp-json\/wp\/v2\/pages\/1414","targetHints":{"allow":["GET"]}}],"collection":[{"href":"https:\/\/www.proactivegroup.ca\/fr\/wp-json\/wp\/v2\/pages"}],"about":[{"href":"https:\/\/www.proactivegroup.ca\/fr\/wp-json\/wp\/v2\/types\/page"}],"author":[{"embeddable":true,"href":"https:\/\/www.proactivegroup.ca\/fr\/wp-json\/wp\/v2\/users\/1"}],"replies":[{"embeddable":true,"href":"https:\/\/www.proactivegroup.ca\/fr\/wp-json\/wp\/v2\/comments?post=1414"}],"version-history":[{"count":0,"href":"https:\/\/www.proactivegroup.ca\/fr\/wp-json\/wp\/v2\/pages\/1414\/revisions"}],"wp:attachment":[{"href":"https:\/\/www.proactivegroup.ca\/fr\/wp-json\/wp\/v2\/media?parent=1414"}],"curies":[{"name":"wp","href":"https:\/\/api.w.org\/{rel}","templated":true}]}}