{"id":1401,"date":"2023-03-07T20:53:27","date_gmt":"2023-03-07T20:53:27","guid":{"rendered":"https:\/\/www.proactivegroup.ca\/construction-logistics\/"},"modified":"2024-12-11T14:48:07","modified_gmt":"2024-12-11T14:48:07","slug":"construction-logistics","status":"publish","type":"page","link":"https:\/\/www.proactivegroup.ca\/fr\/our-solutions\/construction-logistics\/","title":{"rendered":"Logistique de Construction"},"content":{"rendered":"<h2><strong>Notre Gestion des Op\u00e9rations de Construction et d\u2019Appui aux Infrastructures<\/strong><\/h2>\n<p>Planifier, g\u00e9rer et ex\u00e9cuter la logistique de projets de construction ou d\u2019infrastructures n\u00e9cessite des ressources consid\u00e9rables et une organisation minutieuse. Que ce soit pour le transport, le d\u00e9ploiement d\u2019\u00e9quipements lourds sp\u00e9cialis\u00e9s ou la gestion des installations sur place, un appui logistique appropri\u00e9 est crucial pour assurer des r\u00e9sultats impeccables.<\/p>\n<p>Les d\u00e9fis op\u00e9rationnels associ\u00e9s aux projets de construction sont de plus en plus fr\u00e9quents.\u00a0 Des facteurs tels que des d\u00e9lais d\u2019approvisionnement plus longs, des infrastructures vieillissantes, le r\u00e9alignement des \u00e9quipements ou encore le recrutement de main-d\u2019\u0153uvre repr\u00e9sentent des obstacles fr\u00e9quents pour de nombreux secteurs. Proactive Specialized Logistics offre un appui adapt\u00e9 pour surmonter ces obstacles. Nos services comprennent, sans s\u2019y limiter\u00a0:<\/p>\n<ul>\n<li>Transport lourd par route ou rail<\/li>\n<li>Services de levage et de gr\u00e9age<\/li>\n<li>Aires de stockage ext\u00e9rieur et espaces de d\u00e9p\u00f4t<\/li>\n<li>Transport portuaire (Drayage) et terminaux int\u00e9rieurs<\/li>\n<li>Vrac et marchandises en conventionnel<\/li>\n<li>Gestionnaires de projet Proactive sur site<\/li>\n<li>Mises \u00e0 jour quotidiennes aux parties prenantes<\/li>\n<\/ul>\n<p>Notre division sp\u00e9cialis\u00e9e a \u00e9t\u00e9 lanc\u00e9 pour fournir l\u2019appui essentiel \u00e0 des besoins sp\u00e9cifiques dans un secteur en perp\u00e9tuel changement.\u00a0 Nous sommes en mesure de nous adapter et de personnaliser nos solutions, m\u00eame avec un pr\u00e9avis court.<\/p>\n","protected":false},"excerpt":{"rendered":"<p>Notre Gestion des Op\u00e9rations de Construction et d\u2019Appui aux Infrastructures Planifier, g\u00e9rer et ex\u00e9cuter la logistique de projets de construction ou d\u2019infrastructures n\u00e9cessite des ressources consid\u00e9rables et une organisation minutieuse. Que ce soit pour le transport, le d\u00e9ploiement d\u2019\u00e9quipements lourds sp\u00e9cialis\u00e9s ou la gestion des installations sur place, un appui logistique appropri\u00e9 est crucial pour [&hellip;]<\/p>\n","protected":false},"author":1,"featured_media":0,"parent":1425,"menu_order":11,"comment_status":"closed","ping_status":"closed","template":"template-solution-subpage.php","meta":{"_acf_changed":false,"footnotes":""},"class_list":["post-1401","page","type-page","status-publish","hentry"],"acf":[],"_links":{"self":[{"href":"https:\/\/www.proactivegroup.ca\/fr\/wp-json\/wp\/v2\/pages\/1401","targetHints":{"allow":["GET"]}}],"collection":[{"href":"https:\/\/www.proactivegroup.ca\/fr\/wp-json\/wp\/v2\/pages"}],"about":[{"href":"https:\/\/www.proactivegroup.ca\/fr\/wp-json\/wp\/v2\/types\/page"}],"author":[{"embeddable":true,"href":"https:\/\/www.proactivegroup.ca\/fr\/wp-json\/wp\/v2\/users\/1"}],"replies":[{"embeddable":true,"href":"https:\/\/www.proactivegroup.ca\/fr\/wp-json\/wp\/v2\/comments?post=1401"}],"version-history":[{"count":0,"href":"https:\/\/www.proactivegroup.ca\/fr\/wp-json\/wp\/v2\/pages\/1401\/revisions"}],"up":[{"embeddable":true,"href":"https:\/\/www.proactivegroup.ca\/fr\/wp-json\/wp\/v2\/pages\/1425"}],"wp:attachment":[{"href":"https:\/\/www.proactivegroup.ca\/fr\/wp-json\/wp\/v2\/media?parent=1401"}],"curies":[{"name":"wp","href":"https:\/\/api.w.org\/{rel}","templated":true}]}}