{"id":1400,"date":"2023-03-07T20:56:03","date_gmt":"2023-03-07T20:56:03","guid":{"rendered":"https:\/\/www.proactivegroup.ca\/construction\/"},"modified":"2024-12-11T17:08:26","modified_gmt":"2024-12-11T17:08:26","slug":"construction","status":"publish","type":"page","link":"https:\/\/www.proactivegroup.ca\/fr\/industries-we-serve\/construction\/","title":{"rendered":"Construction"},"content":{"rendered":"<p>Planification d\u2019infrastructures \u00e0 grande \u00e9chelle et soutien logistique. Notre \u00e9quipe s\u2019occupe de tout, de l\u2019installation de pipelines aux centrales de cog\u00e9n\u00e9ration pour les entreprises d\u2019agr\u00e9gats. Elle g\u00e8re les programmes sur le terrain, de leur d\u00e9but jusqu\u2019\u00e0 leur fin, en assurant une logistique respectant les r\u00e8gles de l\u2019art.<\/p>\n<ul>\n<li>Gestion de cours de construction (plans de 1 \u00e0 5\u00a0ans)<\/li>\n<li>Planification et ex\u00e9cution des op\u00e9rations de grue<\/li>\n<li>Contr\u00f4les, planification et permis routiers<\/li>\n<li>Expertise en infrastructures solaires et \u00e9oliennes<\/li>\n<li>Exp\u00e9rience en \u00e9quipements pour cimenteries et entreprises d\u2019agr\u00e9gats<\/li>\n<li>Expertise en pipelines pour le secteur p\u00e9trolier et gazier<\/li>\n<li>Installation sur site et soutien pour les \u00e9quipements lourds<\/li>\n<\/ul>\n<p>Gr\u00e2ce \u00e0 notre exp\u00e9rience en tant que leader dans le domaine du transport, nous sommes en mesure de r\u00e9aliser des estimations de co\u00fbts fiables et de planifier avec soin chaque \u00e9tape pour une r\u00e9alisation sans encombre.<\/p>\n","protected":false},"excerpt":{"rendered":"<p>Planification d\u2019infrastructures \u00e0 grande \u00e9chelle et soutien logistique. Notre \u00e9quipe s\u2019occupe de tout, de l\u2019installation de pipelines aux centrales de cog\u00e9n\u00e9ration pour les entreprises d\u2019agr\u00e9gats. Elle g\u00e8re les programmes sur le terrain, de leur d\u00e9but jusqu\u2019\u00e0 leur fin, en assurant une logistique respectant les r\u00e8gles de l\u2019art. Gestion de cours de construction (plans de 1 [&hellip;]<\/p>\n","protected":false},"author":1,"featured_media":0,"parent":1418,"menu_order":3,"comment_status":"closed","ping_status":"closed","template":"template-industry-subpage.php","meta":{"_acf_changed":false,"footnotes":""},"class_list":["post-1400","page","type-page","status-publish","hentry"],"acf":[],"_links":{"self":[{"href":"https:\/\/www.proactivegroup.ca\/fr\/wp-json\/wp\/v2\/pages\/1400","targetHints":{"allow":["GET"]}}],"collection":[{"href":"https:\/\/www.proactivegroup.ca\/fr\/wp-json\/wp\/v2\/pages"}],"about":[{"href":"https:\/\/www.proactivegroup.ca\/fr\/wp-json\/wp\/v2\/types\/page"}],"author":[{"embeddable":true,"href":"https:\/\/www.proactivegroup.ca\/fr\/wp-json\/wp\/v2\/users\/1"}],"replies":[{"embeddable":true,"href":"https:\/\/www.proactivegroup.ca\/fr\/wp-json\/wp\/v2\/comments?post=1400"}],"version-history":[{"count":0,"href":"https:\/\/www.proactivegroup.ca\/fr\/wp-json\/wp\/v2\/pages\/1400\/revisions"}],"up":[{"embeddable":true,"href":"https:\/\/www.proactivegroup.ca\/fr\/wp-json\/wp\/v2\/pages\/1418"}],"wp:attachment":[{"href":"https:\/\/www.proactivegroup.ca\/fr\/wp-json\/wp\/v2\/media?parent=1400"}],"curies":[{"name":"wp","href":"https:\/\/api.w.org\/{rel}","templated":true}]}}