{"id":1393,"date":"2023-03-07T20:58:17","date_gmt":"2023-03-07T20:58:17","guid":{"rendered":"https:\/\/www.proactivegroup.ca\/about-us\/overview\/"},"modified":"2024-12-18T19:28:04","modified_gmt":"2024-12-18T19:28:04","slug":"overview","status":"publish","type":"page","link":"https:\/\/www.proactivegroup.ca\/fr\/about-us\/overview\/","title":{"rendered":"Aper\u00e7u &#8211; Qui Sommes-Nous"},"content":{"rendered":"<p>Cr\u00e9\u00e9e en 2007, Proactive a d\u00e9but\u00e9 son activit\u00e9 en tant que prestataire logistique de tierce partie, plus commun\u00e9ment appel\u00e9 \u00ab\u00a0PL3\u00a0\u00bb, pour devenir l\u2019un des principaux fournisseurs canadiens de solutions <strong>logistiques ax\u00e9es sur la satisfaction client<\/strong>. Nous sommes fiers de compter aujourd\u2019hui plus de<strong> 2,5\u00a0millions de pieds carr\u00e9s<\/strong> d\u2019espace de stockage et une \u00e9quipe de <strong>200\u00a0professionnels d\u00e9vou\u00e9s<\/strong>.<\/p>\n<p>Cette transformation a donn\u00e9 lieu \u00e0 la naissance de sections expertes, comme Proactive Transportation, Proactive Specialized Logistics et Proactive Mexico.<\/p>\n<p>Nous simplifions, mesurons, cat\u00e9gorisons et d\u00e9crivons en d\u00e9tail la logistique complexe n\u00e9cessaire pour exp\u00e9dier des marchandises d\u2019un endroit \u00e0 un autre.<\/p>\n","protected":false},"excerpt":{"rendered":"<p>Cr\u00e9\u00e9e en 2007, Proactive a d\u00e9but\u00e9 son activit\u00e9 en tant que prestataire logistique de tierce partie, plus commun\u00e9ment appel\u00e9 \u00ab\u00a0PL3\u00a0\u00bb, pour devenir l\u2019un des principaux fournisseurs canadiens de solutions logistiques ax\u00e9es sur la satisfaction client. Nous sommes fiers de compter aujourd\u2019hui plus de 2,5\u00a0millions de pieds carr\u00e9s d\u2019espace de stockage et une \u00e9quipe de 200\u00a0professionnels [&hellip;]<\/p>\n","protected":false},"author":1,"featured_media":0,"parent":1392,"menu_order":0,"comment_status":"closed","ping_status":"closed","template":"template-about.php","meta":{"_acf_changed":false,"footnotes":""},"class_list":["post-1393","page","type-page","status-publish","hentry"],"acf":[],"_links":{"self":[{"href":"https:\/\/www.proactivegroup.ca\/fr\/wp-json\/wp\/v2\/pages\/1393","targetHints":{"allow":["GET"]}}],"collection":[{"href":"https:\/\/www.proactivegroup.ca\/fr\/wp-json\/wp\/v2\/pages"}],"about":[{"href":"https:\/\/www.proactivegroup.ca\/fr\/wp-json\/wp\/v2\/types\/page"}],"author":[{"embeddable":true,"href":"https:\/\/www.proactivegroup.ca\/fr\/wp-json\/wp\/v2\/users\/1"}],"replies":[{"embeddable":true,"href":"https:\/\/www.proactivegroup.ca\/fr\/wp-json\/wp\/v2\/comments?post=1393"}],"version-history":[{"count":0,"href":"https:\/\/www.proactivegroup.ca\/fr\/wp-json\/wp\/v2\/pages\/1393\/revisions"}],"up":[{"embeddable":true,"href":"https:\/\/www.proactivegroup.ca\/fr\/wp-json\/wp\/v2\/pages\/1392"}],"wp:attachment":[{"href":"https:\/\/www.proactivegroup.ca\/fr\/wp-json\/wp\/v2\/media?parent=1393"}],"curies":[{"name":"wp","href":"https:\/\/api.w.org\/{rel}","templated":true}]}}